{"id":7,"date":"2009-01-10T10:23:04","date_gmt":"2009-01-10T09:23:04","guid":{"rendered":"http:\/\/localhost\/www\/roart\/?page_id=7"},"modified":"2015-06-04T11:03:35","modified_gmt":"2015-06-04T10:03:35","slug":"kontaktcontact","status":"publish","type":"page","link":"https:\/\/www.roart.at\/site\/?page_id=7","title":{"rendered":"<de-->Gedanken"},"content":{"rendered":"<p><strong><span style=\"font-size: 14pt; font-family: Arial;\">Ein Streifzug durch die Kontinente.<\/span><\/strong> <strong><br \/>\nGedanken zur energetischen Kraft der B\u00e4ume.<\/strong> Paul<strong> <\/strong><strong> <\/strong> Szimak<br \/>\nWie sehen jene Wurzeln aus &#8211; die kr\u00e4ftigen, zarten, knorrigen Finger &#8211; mit denen der Baum seinen Stamm in die Erde gr\u00e4bt? Wie nimmt er Kontakt mit seiner n\u00e4chsten Umwelt auf? Mit Wasser, mit Stein, mit Licht, mit Leben? Wie wiegt er sich im Wind \u2013 sanft, weich, tanzend zu knarrenden, rauschenden Liedern?Jeder Baum hat seine eigene Energie. Seine eigene Schwingung. Seinen eigenen Ausdruck. Ob mit m\u00e4chtiger, auswogender Krone oder lichten Stellen im kahler werdenden Gerippe \u2013 jeder Baum ist k\u00f6niglich in seinem Ausdruck universeller Sch\u00f6pferkraft. Tief verwurzelt im Unendlichen ist der Wald ein Ber\u00fchrungspunkt der Genesis. Ein Symbol f\u00fcr Gott auf Erden seit Anbeginn, ein mythischer Zugang zu einer anderen Welt. Und gleichzeitig doch so verletzlich. So bedroht. So gef\u00e4hrdet durch Menschenhand, den Glashauseffekt, den Klimawandel. Der Wald reagiert darauf global: Mit evolution\u00e4rer Anpassung \u2013 und kollektivem Sterben. Wie der Baum, so ist auch der Mensch in die Polarit\u00e4t zwischen Himmel und Erde eingespannt. Im Keimen und Wachsen, im Fruchttragen und Vergehen, im Werfen von Schatten, als auch im Spenden von Kraft und Erkenntnis.<\/p>\n<p class=\"MsoNormal\"><strong><span style=\"font-family: Arial;\">Intention und Ansatz: <\/span><\/strong><span style=\"font-family: Arial;\">Die Intention der \u00f6sterreichischen K\u00fcnstlerin Roswitha Kandler ist es, diese wunderbaren Baumenergien k\u00fcnstlerisch zu konservieren und so f\u00fcr die n\u00e4chsten Generationen zu erhalten. Auf ihrer Suche nach aussagekr\u00e4ftigen B\u00e4umen mit lebendiger, starker Energie bereist die K\u00fcnstlerin alle Kontinente der Erde. Intuitiv w\u00e4hlt sie die B\u00e4ume aus, von denen sie Energiesignaturen anfertigt. In ihren BaumSignaturBildern f\u00fchrt Sie die normalerweise nicht sichtbare, immaterielle Welt mit der materiellen Welt zusammen.  Roswitha Kandler spricht von einem Informationssystem der Erde, \u00e4hnlich dem Akupunktursystem des Menschen. Im Schaffensprozess fungiert die K\u00fcnstlerin als \u00dcbersetzerin. Die dabei entstandenen Energier\u00e4ume k\u00f6nnen in heilenden Erfahrungsr\u00e4umen erlebt werden.<\/span><\/p>\n<p class=\"MsoNormal\"><strong><span style=\"font-family: Arial;\">Von der Schwingung zur Skizze: <\/span><\/strong><span style=\"font-family: Arial;\">Roswitha Kandler tritt in ihrer k\u00fcnstlerischen Arbeit bewusst mit der Natur in Resonanz. Schwingungsmuster der B\u00e4ume nimmt sie als stellvertretenden Ausdruck der Umwelt wahr. Momentaufnahmen, Empfindungen und gewonnene Erkenntnisse transformieren sich w\u00e4hrend einer intensiven Auseinandersetzung zu Skizzen. Im weiteren Prozess entstehen daraus gro\u00dfformatige auf Leinwand gebannte Gem\u00e4lde.<\/span><\/p>\n<p class=\"MsoNormal\"><strong><span style=\"font-family: Arial;\">Kraft tanken im globalen Wald: <\/span><\/strong><span style=\"font-family: Arial;\">Jedes entstandene Bild ist beiseitig bemalt und 2,20 Meter hoch, 1,20 Meter breit. Von der Decke h\u00e4ngend montiert, erreichen die Objekte  gr\u00f6\u00dftm\u00f6gliche Plastizit\u00e4t. Sowohl im privaten, als auch im \u00f6ffentlichen Raum werden f\u00fcr den Besucher beim Spaziergang durch diesen \u201eGlobalen Wald\u201c die energetischen Schwingungen von B\u00e4umen aus allen Teilen der Welt nachempfindbar. Durch das Genie\u00dfen der Farbwelten \u00fcbertr\u00e4gt sich eine wohlige innere Kraft, die sich beim Betrachter zu einem Gef\u00fchl der Lebendigkeit, der Erdung, Entspannung und Freude entfalten darf.  Paul Szimak.<\/span><\/p>\n<p class=\"MsoNormal\"><strong><span style=\"font-size: 16pt;\" lang=\"EN-US\">The Global <\/span><\/strong><strong><span style=\"font-size: 16pt;\" lang=\"EN-US\">Forest<\/span><\/strong><\/p>\n<p class=\"MsoNormal\"><strong><span lang=\"EN-US\">An expedition through the continents <\/span><\/strong><\/p>\n<p class=\"MsoNormal\">\n<p class=\"MsoNormal\"><strong><span lang=\"EN-US\">Thoughts on the energetic power of trees<\/span><\/strong><\/p>\n<p class=\"MsoNormal\"><span lang=\"EN-US\">What do those roots look like \u2013 the strong, delicate gnarled fingers \u2013 with which the tree digs its trunk into the earth? <\/span><\/p>\n<p class=\"MsoNormal\"><span lang=\"EN-US\">How does it make contact with its nearest surroundings? With water, stone, light, with life?<\/span><\/p>\n<p class=\"MsoNormal\"><span lang=\"EN-US\">How does it sway in the wind \u2013 gently, softly, dancing to creaking, rustling songs? Every tree possesses its own energy. Its own vibration. Its own expression. Whether with mighty, surging top or thinning patches in its balding frame \u2013 every tree is majestic in its expression of the universal power of Creation. <\/span><\/p>\n<p class=\"MsoNormal\">\n<p class=\"MsoNormal\"><span lang=\"EN-US\">Deeply rooted in infinity, the forest is a point of contact with Genesis. Since the world began, it is a symbol of God on earth, a mythical linkage to another world.<\/span><\/p>\n<p class=\"MsoNormal\"><span lang=\"EN-US\">At the same time so vulnerable, so threatened. So endangered by the hand of man, by the greenhouse effect and climate change. To all this, the forest reacts globally: with evolutionary adaptation \u2013 and collective death.<\/span><\/p>\n<p class=\"MsoNormal\"><span lang=\"EN-US\">Just like the tree, man is grounded in this polarity between heaven and earth: germinating and growing, bearing fruit and fading, casting shadows, but also offering strength and insight.<\/span><\/p>\n<p class=\"MsoNormal\">\n<p class=\"MsoNormal\"><strong><span lang=\"EN-US\">Intention and approach<\/span><\/strong><\/p>\n<p class=\"MsoNormal\"><span lang=\"EN-US\">It is the Austrian artist Roswitha Kandler\u2019s inner desire to artistically preserve these wonderful energy fields of trees and thereby preserve them for future generations.<\/span><\/p>\n<p class=\"MsoNormal\"><span lang=\"EN-US\">In search of powerful trees with a vivid and strong energy, the artist travels all five continents of the earth. In a period of two years, she intuitively chooses the countries she travels to as well as six trees per country, whose signatures of energy she then creates.<\/span><\/p>\n<p class=\"MsoNormal\">\n<p class=\"MsoNormal\"><span lang=\"EN-US\">In her work as an artist and mediator between visible and invisible levels and worlds, Roswitha Kandler documents a status quo of nature. <\/span><\/p>\n<p class=\"MsoNormal\"><span lang=\"EN-US\">The energetic space thus created can be experienced with all its healing effect. <\/span><\/p>\n<p class=\"MsoNormal\">\n<p class=\"MsoNormal\"><strong><span lang=\"EN-US\">From vibration to sketch <\/span><\/strong><\/p>\n<p class=\"MsoNormal\"><span lang=\"EN-US\">In her artistic work, Roswitha Kandler consciously enters into resonance with nature. She perceives the patterns of vibration of the tress as a representative expression of the environment. In an intense exchange with nature her spontaneous feelings and insights are transformed into sketches which then provide the basis for large-format canvas paintings.<\/span><\/p>\n<p class=\"MsoNormal\">\n<p class=\"MsoNormal\"><strong><span lang=\"EN-US\">Regain strength in the <\/span><\/strong><strong><span lang=\"EN-US\">Global<\/span><\/strong><strong><\/strong><strong><span lang=\"EN-US\">Forest<\/span><\/strong><\/p>\n<p class=\"MsoNormal\"><span lang=\"EN-US\">Every painting is colored on both sides, 2.2 meters high and 1.2 meters wide. Hanging from the ceiling, the objects reach the greatest plasticity possible. When taking a walk through this \u2018<\/span><span lang=\"EN-US\">Global<\/span><span lang=\"EN-US\">Forest<\/span><span lang=\"EN-US\">\u2019, the visitor can relate to the energetic vibrations of trees from different parts of the world in private and in public spaces. Through the myriad of colors, a pleasant sensation of inner strength is transmitted, allowing the viewer to feel alive, grounded, relaxed and full of joy. Paul Szimak <\/span><\/p>\n","protected":false},"excerpt":{"rendered":"<p>Ein Streifzug durch die Kontinente. Gedanken zur energetischen Kraft der B\u00e4ume. Paul Szimak Wie sehen jene Wurzeln aus &#8211; die kr\u00e4ftigen, zarten, knorrigen Finger &#8211; mit denen der Baum seinen Stamm in die Erde gr\u00e4bt? Wie nimmt er Kontakt mit seiner n\u00e4chsten Umwelt auf? Mit Wasser, mit Stein, mit Licht, mit Leben? Wie wiegt er [&hellip;]<\/p>\n","protected":false},"author":1,"featured_media":0,"parent":0,"menu_order":5,"comment_status":"open","ping_status":"open","template":"","meta":{"ngg_post_thumbnail":0},"_links":{"self":[{"href":"https:\/\/www.roart.at\/site\/index.php?rest_route=\/wp\/v2\/pages\/7"}],"collection":[{"href":"https:\/\/www.roart.at\/site\/index.php?rest_route=\/wp\/v2\/pages"}],"about":[{"href":"https:\/\/www.roart.at\/site\/index.php?rest_route=\/wp\/v2\/types\/page"}],"author":[{"embeddable":true,"href":"https:\/\/www.roart.at\/site\/index.php?rest_route=\/wp\/v2\/users\/1"}],"replies":[{"embeddable":true,"href":"https:\/\/www.roart.at\/site\/index.php?rest_route=%2Fwp%2Fv2%2Fcomments&post=7"}],"version-history":[{"count":35,"href":"https:\/\/www.roart.at\/site\/index.php?rest_route=\/wp\/v2\/pages\/7\/revisions"}],"predecessor-version":[{"id":470,"href":"https:\/\/www.roart.at\/site\/index.php?rest_route=\/wp\/v2\/pages\/7\/revisions\/470"}],"wp:attachment":[{"href":"https:\/\/www.roart.at\/site\/index.php?rest_route=%2Fwp%2Fv2%2Fmedia&parent=7"}],"curies":[{"name":"wp","href":"https:\/\/api.w.org\/{rel}","templated":true}]}}