{"id":5,"date":"2009-01-10T10:18:21","date_gmt":"2009-01-10T09:18:21","guid":{"rendered":"http:\/\/localhost\/www\/roart\/?page_id=3"},"modified":"2025-10-13T13:51:14","modified_gmt":"2025-10-13T12:51:14","slug":"vitaabout-me","status":"publish","type":"page","link":"https:\/\/www.roart.at\/site\/?page_id=5","title":{"rendered":"Vita"},"content":{"rendered":"<p><img loading=\"lazy\" width=\"200\" height=\"143\" class=\"size-full wp-image-294  alignleft\" title=\"ka_0433\" src=\"http:\/\/www.roart.at\/site\/wp-content\/uploads\/2009\/01\/ka_0433.jpg\" \/>\u00a0 \u00a0 \u00a0 \u00a0 \u00a0 \u00a0 \u00a0 \u00a0 \u00a0 \u00a0 \u00a0 \u00a0 \u00a0 \u00a0 \u00a0 \u00a0 \u00a0 \u00a0 \u00a0 \u00a0 \u00a0 \u00a0 \u00a0 \u00a0 \u00a0 \u00a0 \u00a0 \u00a0 \u00a0 \u00a0 \u00a0 \u00a0 \u00a0 \u00a0 \u00a0 \u00a0 \u00a0 \u00a0 Autodidaktin mit Ausfl\u00fcgen in die akademische Lehre. In der k\u00fcnstlerischen Auseinandersetzung interessieren mich die verschiedenen Wahrnehmungsebenen insbesonders jene die \u00fcber die 5 Sinne hinaus reichen und immer mehr zeigen als Verstand und Intuition gemeinsam.<\/p>\n<p>Studium der Kunstgeschichte an der Universit\u00e4t Wien und Siena.<\/p>\n<p>Ausgedehnte Studienreisen f\u00fchrten mich nach Indien, Nord und S\u00fcdamerika, Afrika, Australien, Neuseeland und China.<\/p>\n<p>Ausstellungen in \u00d6sterreich, New York, San Franzisko.<\/p>\n","protected":false},"excerpt":{"rendered":"<p>\u00a0 \u00a0 \u00a0 \u00a0 \u00a0 \u00a0 \u00a0 \u00a0 \u00a0 \u00a0 \u00a0 \u00a0 \u00a0 \u00a0 \u00a0 \u00a0 \u00a0 \u00a0 \u00a0 \u00a0 \u00a0 \u00a0 \u00a0 \u00a0 \u00a0 \u00a0 \u00a0 \u00a0 \u00a0 \u00a0 \u00a0 \u00a0 \u00a0 \u00a0 \u00a0 \u00a0 \u00a0 \u00a0 Autodidaktin mit Ausfl\u00fcgen in die akademische Lehre. In der k\u00fcnstlerischen Auseinandersetzung interessieren mich die verschiedenen Wahrnehmungsebenen insbesonders [&hellip;]<\/p>\n","protected":false},"author":1,"featured_media":0,"parent":0,"menu_order":2,"comment_status":"open","ping_status":"open","template":"","meta":{"ngg_post_thumbnail":0},"_links":{"self":[{"href":"https:\/\/www.roart.at\/site\/index.php?rest_route=\/wp\/v2\/pages\/5"}],"collection":[{"href":"https:\/\/www.roart.at\/site\/index.php?rest_route=\/wp\/v2\/pages"}],"about":[{"href":"https:\/\/www.roart.at\/site\/index.php?rest_route=\/wp\/v2\/types\/page"}],"author":[{"embeddable":true,"href":"https:\/\/www.roart.at\/site\/index.php?rest_route=\/wp\/v2\/users\/1"}],"replies":[{"embeddable":true,"href":"https:\/\/www.roart.at\/site\/index.php?rest_route=%2Fwp%2Fv2%2Fcomments&post=5"}],"version-history":[{"count":84,"href":"https:\/\/www.roart.at\/site\/index.php?rest_route=\/wp\/v2\/pages\/5\/revisions"}],"predecessor-version":[{"id":709,"href":"https:\/\/www.roart.at\/site\/index.php?rest_route=\/wp\/v2\/pages\/5\/revisions\/709"}],"wp:attachment":[{"href":"https:\/\/www.roart.at\/site\/index.php?rest_route=%2Fwp%2Fv2%2Fmedia&parent=5"}],"curies":[{"name":"wp","href":"https:\/\/api.w.org\/{rel}","templated":true}]}}