{"id":4,"date":"2009-01-10T09:17:45","date_gmt":"2009-01-10T08:17:45","guid":{"rendered":"http:\/\/localhost\/www\/roart\/?page_id=2"},"modified":"2023-10-24T12:20:58","modified_gmt":"2023-10-24T11:20:58","slug":"impressum-2","status":"publish","type":"page","link":"https:\/\/www.roart.at\/site\/?page_id=4","title":{"rendered":"Kontakt und Impressum"},"content":{"rendered":"\n<div class=\"wp-block-group\"><div class=\"wp-block-group__inner-container\">\n<p><strong>Roswitha Kandler<\/strong><\/p>\n<\/div><\/div>\n\n\n\n<p>Telefon: + 43 (o)680 2374868<br>Email: rk(at)roart.at<a><script type=\"text\/javascript\"><\/script><\/a><\/p>\n\n\n\n<p><strong>Hinweise<\/strong><br>Die Verwendung von Inhalten wie beispielsweise Texte oder Bildgrafiken dieser Website f\u00fcr private oder kommerzielle Zwecke bedarf meiner ausdr\u00fccklichen schriftlichen Genehmigung.<\/p>\n\n\n\n<p>Im Falle von direkten oder indirekten Verweisen auf fremde Internetseiten (&#8222;Links&#8220;), \u00fcbernehme ich keine wie auch immer geartete Haftung f\u00fcr die dort befindlichen Inhalte.<\/p>\n\n\n\n<p>F\u00fcr den Inhalt verantwortlich:&nbsp; Roswitha Kandler<\/p>\n\n\n\n<p>Datenschutz:<\/p>\n\n\n\n<p>Es werden keine Daten gespeichert oder an Dritte weitergegeben, keine Cookies verwendet und auf Webanalyse Tools verzichten wir zur G\u00e4nze.<\/p>\n\n\n\n<p>Alle Rechte vorbehalten.<\/p>\n\n\n\n<p>Roswitha Kandler<\/p>\n\n\n\n<p>Telefon: + 43 (o)680 2374868<br>Email: rk(at)roart.at<\/p>\n\n\n\n<p>The use of contents refers to as for example texts or picture diagrams of these Website for private or commercial purposes requires my express written permission.<br>In case of from direct or indirect references to stranger Internet sides (\u201d left\u201d), I do not take over however constituted adhesion for contents there present.<br>Responsible for contents:&nbsp; Roswitha Kandler<br>all rights reserve.<\/p>\n","protected":false},"excerpt":{"rendered":"<p>Telefon: + 43 (o)680 2374868Email: rk(at)roart.at HinweiseDie Verwendung von Inhalten wie beispielsweise Texte oder Bildgrafiken dieser Website f\u00fcr private oder kommerzielle Zwecke bedarf meiner ausdr\u00fccklichen schriftlichen Genehmigung. Im Falle von direkten oder indirekten Verweisen auf fremde Internetseiten (&#8222;Links&#8220;), \u00fcbernehme ich keine wie auch immer geartete Haftung f\u00fcr die dort befindlichen Inhalte. F\u00fcr den Inhalt verantwortlich:&nbsp; [&hellip;]<\/p>\n","protected":false},"author":2,"featured_media":0,"parent":0,"menu_order":9,"comment_status":"open","ping_status":"open","template":"","meta":{"ngg_post_thumbnail":0},"_links":{"self":[{"href":"https:\/\/www.roart.at\/site\/index.php?rest_route=\/wp\/v2\/pages\/4"}],"collection":[{"href":"https:\/\/www.roart.at\/site\/index.php?rest_route=\/wp\/v2\/pages"}],"about":[{"href":"https:\/\/www.roart.at\/site\/index.php?rest_route=\/wp\/v2\/types\/page"}],"author":[{"embeddable":true,"href":"https:\/\/www.roart.at\/site\/index.php?rest_route=\/wp\/v2\/users\/2"}],"replies":[{"embeddable":true,"href":"https:\/\/www.roart.at\/site\/index.php?rest_route=%2Fwp%2Fv2%2Fcomments&post=4"}],"version-history":[{"count":20,"href":"https:\/\/www.roart.at\/site\/index.php?rest_route=\/wp\/v2\/pages\/4\/revisions"}],"predecessor-version":[{"id":622,"href":"https:\/\/www.roart.at\/site\/index.php?rest_route=\/wp\/v2\/pages\/4\/revisions\/622"}],"wp:attachment":[{"href":"https:\/\/www.roart.at\/site\/index.php?rest_route=%2Fwp%2Fv2%2Fmedia&parent=4"}],"curies":[{"name":"wp","href":"https:\/\/api.w.org\/{rel}","templated":true}]}}