{"id":28,"date":"2009-01-25T10:11:31","date_gmt":"2009-01-25T09:11:31","guid":{"rendered":"http:\/\/localhost\/www\/roart\/?page_id=28"},"modified":"2020-10-29T19:16:58","modified_gmt":"2020-10-29T18:16:58","slug":"baumprojekttreeproject","status":"publish","type":"page","link":"https:\/\/www.roart.at\/site\/?page_id=28","title":{"rendered":"Der globale Wald"},"content":{"rendered":"\n<p>St\u00e4ndige Katastrophenmeldungen \u00fcber Klimawandel, Treibhauseffekt, St\u00fcrme, Trockenheit und \u00dcberschwemmungen haben mich motiviert, diese wunderbaren Schwingungen der B\u00e4ume auf der Leinwand sichtbar zu machen. Die Bedeutung der Natur wurde im Laufe der Zeit in den Hintergrund gedr\u00e4ngt. Stattdessen wird der Mensch in eine k\u00fcnstliche Scheinwelt versetzt, die ihn unbewu\u00dft isoliert. <\/p>\n\n\n\n<p>Das ongoing project &#8222;Der Globale Wald&#8220; umfasst zur Zeit 32 Baumsignaturen aus allen Teilen der Welt. Gemeinsam evozieren diese einen &#8222;Globalen Wald&#8220;, den die Besucher von Ausstellungen durchstreifen k\u00f6nnen. In den so geschaffenen Raum wird die energetische Kraft der B\u00e4ume durch die Wirkkraft der Farben erfahrbar und erlebbar. <\/p>\n\n\n\n<p>Auf der Suche nach aussagekr\u00e4ftigen B\u00e4umen bereiste ich Afrika, Australien, Asien, Amerika, Neuseeland und Europa. Mittels erweiterter Wahrnehmung erforschte ich Orte und B\u00e4ume. Ich machte mir Notizen und Skizzen vor Ort, die ich im Atelier auf gro\u00dfformatige Leinw\u00e4nde \u00fcbertrug.<\/p>\n\n\n\n<p>Das Schicksal des Menschen und das des Baumes sind eng miteinander verbudnen, verschwindet der Baum, wird ihm der Mensch folgen. Der Baum kann ohne den Menschen leben, aber der Mensch nicht ohne den Baum.<\/p>\n","protected":false},"excerpt":{"rendered":"<p>St\u00e4ndige Katastrophenmeldungen \u00fcber Klimawandel, Treibhauseffekt, St\u00fcrme, Trockenheit und \u00dcberschwemmungen haben mich motiviert, diese wunderbaren Schwingungen der B\u00e4ume auf der Leinwand sichtbar zu machen. Die Bedeutung der Natur wurde im Laufe der Zeit in den Hintergrund gedr\u00e4ngt. Stattdessen wird der Mensch in eine k\u00fcnstliche Scheinwelt versetzt, die ihn unbewu\u00dft isoliert. Das ongoing project &#8222;Der Globale Wald&#8220; [&hellip;]<\/p>\n","protected":false},"author":1,"featured_media":0,"parent":10,"menu_order":1,"comment_status":"open","ping_status":"open","template":"","meta":{"ngg_post_thumbnail":0},"_links":{"self":[{"href":"https:\/\/www.roart.at\/site\/index.php?rest_route=\/wp\/v2\/pages\/28"}],"collection":[{"href":"https:\/\/www.roart.at\/site\/index.php?rest_route=\/wp\/v2\/pages"}],"about":[{"href":"https:\/\/www.roart.at\/site\/index.php?rest_route=\/wp\/v2\/types\/page"}],"author":[{"embeddable":true,"href":"https:\/\/www.roart.at\/site\/index.php?rest_route=\/wp\/v2\/users\/1"}],"replies":[{"embeddable":true,"href":"https:\/\/www.roart.at\/site\/index.php?rest_route=%2Fwp%2Fv2%2Fcomments&post=28"}],"version-history":[{"count":3,"href":"https:\/\/www.roart.at\/site\/index.php?rest_route=\/wp\/v2\/pages\/28\/revisions"}],"predecessor-version":[{"id":583,"href":"https:\/\/www.roart.at\/site\/index.php?rest_route=\/wp\/v2\/pages\/28\/revisions\/583"}],"up":[{"embeddable":true,"href":"https:\/\/www.roart.at\/site\/index.php?rest_route=\/wp\/v2\/pages\/10"}],"wp:attachment":[{"href":"https:\/\/www.roart.at\/site\/index.php?rest_route=%2Fwp%2Fv2%2Fmedia&parent=28"}],"curies":[{"name":"wp","href":"https:\/\/api.w.org\/{rel}","templated":true}]}}